{"id":1539,"date":"2018-09-25T11:40:44","date_gmt":"2018-09-25T15:40:44","guid":{"rendered":"https:\/\/www.elastoproxy.com\/added-value-sevices\/warehousing\/"},"modified":"2018-11-27T14:15:59","modified_gmt":"2018-11-27T19:15:59","slug":"entreposage","status":"publish","type":"page","link":"https:\/\/www.elastoproxy.com\/fr\/services-a-valeur-ajoutee\/entreposage\/","title":{"rendered":"Entreposage"},"content":{"rendered":"\t\t<div data-elementor-type=\"wp-post\" data-elementor-id=\"1539\" class=\"elementor elementor-1539 elementor-868\" data-elementor-post-type=\"page\">\n\t\t\t\t\t\t<section class=\"elementor-section elementor-top-section elementor-element elementor-element-7c2112d8 elementor-section-boxed elementor-section-height-default elementor-section-height-default\" data-id=\"7c2112d8\" data-element_type=\"section\">\n\t\t\t\t\t\t<div class=\"elementor-container elementor-column-gap-default\">\n\t\t\t\t\t<div class=\"elementor-column elementor-col-100 elementor-top-column elementor-element elementor-element-1acf2b1d\" data-id=\"1acf2b1d\" data-element_type=\"column\">\n\t\t\t<div class=\"elementor-widget-wrap elementor-element-populated\">\n\t\t\t\t\t\t<div class=\"elementor-element elementor-element-3ce67ab8 elementor-widget elementor-widget-heading\" data-id=\"3ce67ab8\" data-element_type=\"widget\" data-widget_type=\"heading.default\">\n\t\t\t\t<div class=\"elementor-widget-container\">\n\t\t\t\t\t<h2 class=\"elementor-heading-title elementor-size-default\">Entreposage<\/h2>\t\t\t\t<\/div>\n\t\t\t\t<\/div>\n\t\t\t\t<div class=\"elementor-element elementor-element-3c47bc28 elementor-widget-divider--view-line elementor-widget elementor-widget-divider\" data-id=\"3c47bc28\" data-element_type=\"widget\" data-widget_type=\"divider.default\">\n\t\t\t\t<div class=\"elementor-widget-container\">\n\t\t\t\t\t\t\t<div class=\"elementor-divider\">\n\t\t\t<span class=\"elementor-divider-separator\">\n\t\t\t\t\t\t<\/span>\n\t\t<\/div>\n\t\t\t\t\t\t<\/div>\n\t\t\t\t<\/div>\n\t\t\t\t<div class=\"elementor-element elementor-element-57b5b9f7 elementor-widget elementor-widget-text-editor\" data-id=\"57b5b9f7\" data-element_type=\"widget\" data-widget_type=\"text-editor.default\">\n\t\t\t\t<div class=\"elementor-widget-container\">\n\t\t\t\t\t\t\t\t\t<p><span style=\"font-weight: 400;\">L&rsquo;entreposage ajoute de la valeur \u00e0 vos op\u00e9rations, car Elasto Proxy conserve des quantit\u00e9s de votre stock et peut fabriquer des produits sur mesure en fonction de vos pr\u00e9visions de vente ou \u00e0 la demande. En achetant des volumes de mat\u00e9riaux plus importants vous pouvez b\u00e9n\u00e9ficier des r\u00e9ductions de volume accord\u00e9es par les fournisseurs de mat\u00e9riaux. Vous pouvez \u00e9galement vous assurer que les mat\u00e9riaux dont vous aurez besoin sont disponibles au moment o\u00f9 Elasto Proxy les fabrique sur mesure. <\/span><\/p><p><span style=\"font-weight: 400;\">Les capacit\u00e9s d\u2019entreposage d\u2019Elasto Proxy incluent la conservation de quantit\u00e9s de votre stock de produits finis. Comme pour les articles en stock, nous pouvons exp\u00e9dier ces produits en fonction de vos pr\u00e9visions de vente ou \u00e0 la demande. Elasto Proxy maintient des entrep\u00f4ts nord-am\u00e9ricains \u00e0 Boisbriand, au Qu\u00e9bec, pr\u00e8s de Montr\u00e9al; \u00e0 Newmarket, en Ontario pr\u00e8s de Toronto; et \u00e0 Simpsonville, en Caroline du Sud (aux \u00c9tats-Unis). Ces trois emplacements se trouvent \u00e0 proximit\u00e9 des principaux corridors de transport.<\/span><\/p>\t\t\t\t\t\t\t\t<\/div>\n\t\t\t\t<\/div>\n\t\t\t\t<div class=\"elementor-element elementor-element-635deba9 elementor-widget elementor-widget-image\" data-id=\"635deba9\" data-element_type=\"widget\" data-widget_type=\"image.default\">\n\t\t\t\t<div class=\"elementor-widget-container\">\n\t\t\t\t\t\t\t\t\t\t\t\t\t\t\t<img fetchpriority=\"high\" decoding=\"async\" width=\"852\" height=\"441\" src=\"https:\/\/www.elastoproxy.com\/wp-content\/uploads\/2018\/10\/Warehousing.jpg\" class=\"attachment-large size-large wp-image-1540\" alt=\"Warehousing and Distribution\" srcset=\"https:\/\/www.elastoproxy.com\/wp-content\/uploads\/2018\/10\/Warehousing.jpg 852w, https:\/\/www.elastoproxy.com\/wp-content\/uploads\/2018\/10\/Warehousing-300x155.jpg 300w, https:\/\/www.elastoproxy.com\/wp-content\/uploads\/2018\/10\/Warehousing-768x398.jpg 768w, https:\/\/www.elastoproxy.com\/wp-content\/uploads\/2018\/10\/Warehousing-116x60.jpg 116w\" sizes=\"(max-width: 852px) 100vw, 852px\" \/>\t\t\t\t\t\t\t\t\t\t\t\t\t\t\t<\/div>\n\t\t\t\t<\/div>\n\t\t\t\t\t<\/div>\n\t\t<\/div>\n\t\t\t\t\t<\/div>\n\t\t<\/section>\n\t\t\t\t<\/div>\n\t\t","protected":false},"excerpt":{"rendered":"<p>Entreposage L&rsquo;entreposage ajoute de la valeur \u00e0 vos op\u00e9rations, car Elasto Proxy conserve des quantit\u00e9s de votre stock et peut fabriquer des produits sur mesure en fonction de vos pr\u00e9visions de vente ou \u00e0 la demande. En achetant des volumes de mat\u00e9riaux plus importants vous pouvez b\u00e9n\u00e9ficier des r\u00e9ductions de volume accord\u00e9es par les fournisseurs [&hellip;]<\/p>\n","protected":false},"author":1,"featured_media":1540,"parent":1510,"menu_order":6,"comment_status":"open","ping_status":"closed","template":"","meta":{"ocean_post_layout":"","ocean_both_sidebars_style":"","ocean_both_sidebars_content_width":0,"ocean_both_sidebars_sidebars_width":0,"ocean_sidebar":"0","ocean_second_sidebar":"0","ocean_disable_margins":"enable","ocean_add_body_class":"","ocean_shortcode_before_top_bar":"","ocean_shortcode_after_top_bar":"","ocean_shortcode_before_header":"","ocean_shortcode_after_header":"","ocean_has_shortcode":"","ocean_shortcode_after_title":"","ocean_shortcode_before_footer_widgets":"","ocean_shortcode_after_footer_widgets":"","ocean_shortcode_before_footer_bottom":"","ocean_shortcode_after_footer_bottom":"","ocean_display_top_bar":"default","ocean_display_header":"default","ocean_header_style":"","ocean_center_header_left_menu":"0","ocean_custom_header_template":"0","ocean_custom_logo":0,"ocean_custom_retina_logo":0,"ocean_custom_logo_max_width":0,"ocean_custom_logo_tablet_max_width":0,"ocean_custom_logo_mobile_max_width":0,"ocean_custom_logo_max_height":0,"ocean_custom_logo_tablet_max_height":0,"ocean_custom_logo_mobile_max_height":0,"ocean_header_custom_menu":"0","ocean_menu_typo_font_family":"0","ocean_menu_typo_font_subset":"","ocean_menu_typo_font_size":0,"ocean_menu_typo_font_size_tablet":0,"ocean_menu_typo_font_size_mobile":0,"ocean_menu_typo_font_size_unit":"px","ocean_menu_typo_font_weight":"","ocean_menu_typo_font_weight_tablet":"","ocean_menu_typo_font_weight_mobile":"","ocean_menu_typo_transform":"","ocean_menu_typo_transform_tablet":"","ocean_menu_typo_transform_mobile":"","ocean_menu_typo_line_height":0,"ocean_menu_typo_line_height_tablet":0,"ocean_menu_typo_line_height_mobile":0,"ocean_menu_typo_line_height_unit":"","ocean_menu_typo_spacing":0,"ocean_menu_typo_spacing_tablet":0,"ocean_menu_typo_spacing_mobile":0,"ocean_menu_typo_spacing_unit":"","ocean_menu_link_color":"","ocean_menu_link_color_hover":"","ocean_menu_link_color_active":"","ocean_menu_link_background":"","ocean_menu_link_hover_background":"","ocean_menu_link_active_background":"","ocean_menu_social_links_bg":"","ocean_menu_social_hover_links_bg":"","ocean_menu_social_links_color":"","ocean_menu_social_hover_links_color":"","ocean_disable_title":"default","ocean_disable_heading":"default","ocean_post_title":"","ocean_post_subheading":"","ocean_post_title_style":"","ocean_post_title_background_color":"","ocean_post_title_background":0,"ocean_post_title_bg_image_position":"","ocean_post_title_bg_image_attachment":"","ocean_post_title_bg_image_repeat":"","ocean_post_title_bg_image_size":"","ocean_post_title_height":0,"ocean_post_title_bg_overlay":0.5,"ocean_post_title_bg_overlay_color":"","ocean_disable_breadcrumbs":"default","ocean_breadcrumbs_color":"","ocean_breadcrumbs_separator_color":"","ocean_breadcrumbs_links_color":"","ocean_breadcrumbs_links_hover_color":"","ocean_display_footer_widgets":"default","ocean_display_footer_bottom":"default","ocean_custom_footer_template":"0","ofc_enable_fullscreen":"disable","ofc_fullscreen_speed":null,"ofc_fullscreen_nav":"enable","ofc_fullscreen_nav_pos":"right","ofc_fullscreen_nav_color":"","ofc_fullscreen_nav_tooltip_color":"","ofc_fullscreen_responsive":null,"osh_disable_topbar_sticky":"default","osh_disable_header_sticky":"default","osh_sticky_header_style":"default","osh_sticky_header_effect":"","osh_custom_sticky_logo":0,"osh_custom_retina_sticky_logo":0,"osh_custom_sticky_logo_height":0,"osh_background_color":"","osh_links_color":"","osh_links_hover_color":"","osh_links_active_color":"","osh_links_bg_color":"","osh_links_hover_bg_color":"","osh_links_active_bg_color":"","osh_menu_social_links_color":"","osh_menu_social_hover_links_color":"","footnotes":""},"class_list":["post-1539","page","type-page","status-publish","has-post-thumbnail","hentry","entry","has-media"],"yoast_head":"<!-- This site is optimized with the Yoast SEO plugin v25.7 - https:\/\/yoast.com\/wordpress\/plugins\/seo\/ -->\n<title>Warehousing, inventory management, &amp; parts storage | Elasto Proxy<\/title>\n<meta name=\"description\" content=\"We are experts in warehousing, inventory management, finished goods inventory, parts storage, blanket orders. Find out how these can help you!\" \/>\n<meta name=\"robots\" content=\"index, follow, max-snippet:-1, max-image-preview:large, max-video-preview:-1\" \/>\n<link rel=\"canonical\" href=\"https:\/\/www.elastoproxy.com\/fr\/services-a-valeur-ajoutee\/entreposage\/\" \/>\n<meta property=\"og:locale\" content=\"fr_FR\" \/>\n<meta property=\"og:type\" content=\"article\" \/>\n<meta property=\"og:title\" content=\"Warehousing, inventory management, &amp; parts storage | Elasto Proxy\" \/>\n<meta property=\"og:description\" content=\"We are experts in warehousing, inventory management, finished goods inventory, parts storage, blanket orders. Find out how these can help you!\" \/>\n<meta property=\"og:url\" content=\"https:\/\/www.elastoproxy.com\/fr\/services-a-valeur-ajoutee\/entreposage\/\" \/>\n<meta property=\"og:site_name\" content=\"Elasto Proxy\" \/>\n<meta property=\"article:modified_time\" content=\"2018-11-27T19:15:59+00:00\" \/>\n<meta property=\"og:image\" content=\"https:\/\/www.elastoproxy.com\/wp-content\/uploads\/2018\/10\/Warehousing.jpg\" \/>\n\t<meta property=\"og:image:width\" content=\"852\" \/>\n\t<meta property=\"og:image:height\" content=\"441\" \/>\n\t<meta property=\"og:image:type\" content=\"image\/jpeg\" \/>\n<meta name=\"twitter:card\" content=\"summary_large_image\" \/>\n<meta name=\"twitter:title\" content=\"Warehousing, inventory management, &amp; parts storage | Elasto Proxy\" \/>\n<meta name=\"twitter:label1\" content=\"Dur\u00e9e de lecture estim\u00e9e\" \/>\n\t<meta name=\"twitter:data1\" content=\"1 minute\" \/>\n<!-- \/ Yoast SEO plugin. -->","yoast_head_json":{"title":"Warehousing, inventory management, & parts storage | Elasto Proxy","description":"We are experts in warehousing, inventory management, finished goods inventory, parts storage, blanket orders. Find out how these can help you!","robots":{"index":"index","follow":"follow","max-snippet":"max-snippet:-1","max-image-preview":"max-image-preview:large","max-video-preview":"max-video-preview:-1"},"canonical":"https:\/\/www.elastoproxy.com\/fr\/services-a-valeur-ajoutee\/entreposage\/","og_locale":"fr_FR","og_type":"article","og_title":"Warehousing, inventory management, & parts storage | Elasto Proxy","og_description":"We are experts in warehousing, inventory management, finished goods inventory, parts storage, blanket orders. Find out how these can help you!","og_url":"https:\/\/www.elastoproxy.com\/fr\/services-a-valeur-ajoutee\/entreposage\/","og_site_name":"Elasto Proxy","article_modified_time":"2018-11-27T19:15:59+00:00","og_image":[{"width":852,"height":441,"url":"https:\/\/www.elastoproxy.com\/wp-content\/uploads\/2018\/10\/Warehousing.jpg","type":"image\/jpeg"}],"twitter_card":"summary_large_image","twitter_title":"Warehousing, inventory management, & parts storage | Elasto Proxy","twitter_misc":{"Dur\u00e9e de lecture estim\u00e9e":"1 minute"},"schema":{"@context":"https:\/\/schema.org","@graph":[{"@type":"WebPage","@id":"https:\/\/www.elastoproxy.com\/fr\/services-a-valeur-ajoutee\/entreposage\/","url":"https:\/\/www.elastoproxy.com\/fr\/services-a-valeur-ajoutee\/entreposage\/","name":"Warehousing, inventory management, & parts storage | Elasto Proxy","isPartOf":{"@id":"https:\/\/www.elastoproxy.com\/#website"},"primaryImageOfPage":{"@id":"https:\/\/www.elastoproxy.com\/fr\/services-a-valeur-ajoutee\/entreposage\/#primaryimage"},"image":{"@id":"https:\/\/www.elastoproxy.com\/fr\/services-a-valeur-ajoutee\/entreposage\/#primaryimage"},"thumbnailUrl":"https:\/\/www.elastoproxy.com\/wp-content\/uploads\/2018\/10\/Warehousing.jpg","datePublished":"2018-09-25T15:40:44+00:00","dateModified":"2018-11-27T19:15:59+00:00","description":"We are experts in warehousing, inventory management, finished goods inventory, parts storage, blanket orders. Find out how these can help you!","breadcrumb":{"@id":"https:\/\/www.elastoproxy.com\/fr\/services-a-valeur-ajoutee\/entreposage\/#breadcrumb"},"inLanguage":"fr-FR","potentialAction":[{"@type":"ReadAction","target":["https:\/\/www.elastoproxy.com\/fr\/services-a-valeur-ajoutee\/entreposage\/"]}]},{"@type":"ImageObject","inLanguage":"fr-FR","@id":"https:\/\/www.elastoproxy.com\/fr\/services-a-valeur-ajoutee\/entreposage\/#primaryimage","url":"https:\/\/www.elastoproxy.com\/wp-content\/uploads\/2018\/10\/Warehousing.jpg","contentUrl":"https:\/\/www.elastoproxy.com\/wp-content\/uploads\/2018\/10\/Warehousing.jpg","width":852,"height":441,"caption":"Warehousing and Distribution"},{"@type":"BreadcrumbList","@id":"https:\/\/www.elastoproxy.com\/fr\/services-a-valeur-ajoutee\/entreposage\/#breadcrumb","itemListElement":[{"@type":"ListItem","position":1,"name":"Home","item":"https:\/\/www.elastoproxy.com\/fr\/"},{"@type":"ListItem","position":2,"name":"Services","item":"https:\/\/www.elastoproxy.com\/fr\/services-a-valeur-ajoutee\/"},{"@type":"ListItem","position":3,"name":"Entreposage"}]},{"@type":"WebSite","@id":"https:\/\/www.elastoproxy.com\/#website","url":"https:\/\/www.elastoproxy.com\/","name":"Elasto Proxy","description":"Rubber Fabricator and Distributor","publisher":{"@id":"https:\/\/www.elastoproxy.com\/#organization"},"potentialAction":[{"@type":"SearchAction","target":{"@type":"EntryPoint","urlTemplate":"https:\/\/www.elastoproxy.com\/?s={search_term_string}"},"query-input":{"@type":"PropertyValueSpecification","valueRequired":true,"valueName":"search_term_string"}}],"inLanguage":"fr-FR"},{"@type":"Organization","@id":"https:\/\/www.elastoproxy.com\/#organization","name":"Elasto Proxy","url":"https:\/\/www.elastoproxy.com\/","logo":{"@type":"ImageObject","inLanguage":"fr-FR","@id":"https:\/\/www.elastoproxy.com\/#\/schema\/logo\/image\/","url":"https:\/\/www.elastoproxy.com\/wp-content\/uploads\/2018\/10\/logo-elastoproxy.png","contentUrl":"https:\/\/www.elastoproxy.com\/wp-content\/uploads\/2018\/10\/logo-elastoproxy.png","width":200,"height":61,"caption":"Elasto Proxy"},"image":{"@id":"https:\/\/www.elastoproxy.com\/#\/schema\/logo\/image\/"}}]}},"_links":{"self":[{"href":"https:\/\/www.elastoproxy.com\/fr\/wp-json\/wp\/v2\/pages\/1539","targetHints":{"allow":["GET"]}}],"collection":[{"href":"https:\/\/www.elastoproxy.com\/fr\/wp-json\/wp\/v2\/pages"}],"about":[{"href":"https:\/\/www.elastoproxy.com\/fr\/wp-json\/wp\/v2\/types\/page"}],"author":[{"embeddable":true,"href":"https:\/\/www.elastoproxy.com\/fr\/wp-json\/wp\/v2\/users\/1"}],"replies":[{"embeddable":true,"href":"https:\/\/www.elastoproxy.com\/fr\/wp-json\/wp\/v2\/comments?post=1539"}],"version-history":[{"count":3,"href":"https:\/\/www.elastoproxy.com\/fr\/wp-json\/wp\/v2\/pages\/1539\/revisions"}],"predecessor-version":[{"id":4108,"href":"https:\/\/www.elastoproxy.com\/fr\/wp-json\/wp\/v2\/pages\/1539\/revisions\/4108"}],"up":[{"embeddable":true,"href":"https:\/\/www.elastoproxy.com\/fr\/wp-json\/wp\/v2\/pages\/1510"}],"wp:featuredmedia":[{"embeddable":true,"href":"https:\/\/www.elastoproxy.com\/fr\/wp-json\/wp\/v2\/media\/1540"}],"wp:attachment":[{"href":"https:\/\/www.elastoproxy.com\/fr\/wp-json\/wp\/v2\/media?parent=1539"}],"curies":[{"name":"wp","href":"https:\/\/api.w.org\/{rel}","templated":true}]}}