{"id":1535,"date":"2018-09-25T11:40:44","date_gmt":"2018-09-25T15:40:44","guid":{"rendered":"https:\/\/www.elastoproxy.com\/added-value-sevices\/accoustic-lab-metrology\/"},"modified":"2018-11-27T14:19:26","modified_gmt":"2018-11-27T19:19:26","slug":"accoustic-lab-metrologylaboratoire-acoustique-metrologie","status":"publish","type":"page","link":"https:\/\/www.elastoproxy.com\/fr\/services-a-valeur-ajoutee\/accoustic-lab-metrologylaboratoire-acoustique-metrologie\/","title":{"rendered":"Laboratoire acoustique et M\u00e9trologie"},"content":{"rendered":"\t\t<div data-elementor-type=\"wp-post\" data-elementor-id=\"1535\" class=\"elementor elementor-1535 elementor-870 elementor-bc-flex-widget\" data-elementor-post-type=\"page\">\n\t\t\t\t\t\t<section class=\"elementor-section elementor-top-section elementor-element elementor-element-26d97a49 elementor-section-boxed elementor-section-height-default elementor-section-height-default\" data-id=\"26d97a49\" data-element_type=\"section\">\n\t\t\t\t\t\t<div class=\"elementor-container elementor-column-gap-default\">\n\t\t\t\t\t<div class=\"elementor-column elementor-col-100 elementor-top-column elementor-element elementor-element-25d6d81\" data-id=\"25d6d81\" data-element_type=\"column\">\n\t\t\t<div class=\"elementor-widget-wrap elementor-element-populated\">\n\t\t\t\t\t\t<div class=\"elementor-element elementor-element-2561a223 elementor-widget elementor-widget-heading\" data-id=\"2561a223\" data-element_type=\"widget\" data-widget_type=\"heading.default\">\n\t\t\t\t<div class=\"elementor-widget-container\">\n\t\t\t\t\t<h2 class=\"elementor-heading-title elementor-size-default\">Laboratoire acoustique et M\u00e9trologie<\/h2>\t\t\t\t<\/div>\n\t\t\t\t<\/div>\n\t\t\t\t<div class=\"elementor-element elementor-element-24812466 elementor-widget-divider--view-line elementor-widget elementor-widget-divider\" data-id=\"24812466\" data-element_type=\"widget\" data-widget_type=\"divider.default\">\n\t\t\t\t<div class=\"elementor-widget-container\">\n\t\t\t\t\t\t\t<div class=\"elementor-divider\">\n\t\t\t<span class=\"elementor-divider-separator\">\n\t\t\t\t\t\t<\/span>\n\t\t<\/div>\n\t\t\t\t\t\t<\/div>\n\t\t\t\t<\/div>\n\t\t\t\t<div class=\"elementor-element elementor-element-77fac6ad elementor-widget elementor-widget-text-editor\" data-id=\"77fac6ad\" data-element_type=\"widget\" data-widget_type=\"text-editor.default\">\n\t\t\t\t<div class=\"elementor-widget-container\">\n\t\t\t\t\t\t\t\t\t<p><span style=\"font-weight: 400;\">Les \u00e9quipements de laboratoire acoustique et de m\u00e9trologie d\u2019Elasto Proxy ajoutent de la valeur \u00e0 vos produits techniques. Par exemple, notre capacit\u00e9 \u00e0 simuler diff\u00e9rents sc\u00e9narios de contr\u00f4le du bruit vous aide \u00e0 s\u00e9lectionner les bonnes mousses acoustiques et les bonnes combinaisons. L\u2019\u00e9quipement de m\u00e9trologie d\u2019Elasto Proxy nous permet de r\u00e9aliser des tests de traction et de d\u00e9terminer la r\u00e9sistance \u00e0 la traction de vos produits industriels en caoutchouc.<\/span><\/p>\t\t\t\t\t\t\t\t<\/div>\n\t\t\t\t<\/div>\n\t\t\t\t<div class=\"elementor-element elementor-element-32239cd0 elementor-widget elementor-widget-image\" data-id=\"32239cd0\" data-element_type=\"widget\" data-widget_type=\"image.default\">\n\t\t\t\t<div class=\"elementor-widget-container\">\n\t\t\t\t\t\t\t\t\t\t\t\t\t\t\t<img fetchpriority=\"high\" decoding=\"async\" width=\"852\" height=\"441\" src=\"https:\/\/www.elastoproxy.com\/wp-content\/uploads\/2018\/10\/Accoustic_Laboratory.jpg\" class=\"attachment-large size-large wp-image-1536\" alt=\"\" srcset=\"https:\/\/www.elastoproxy.com\/wp-content\/uploads\/2018\/10\/Accoustic_Laboratory.jpg 852w, https:\/\/www.elastoproxy.com\/wp-content\/uploads\/2018\/10\/Accoustic_Laboratory-300x155.jpg 300w, https:\/\/www.elastoproxy.com\/wp-content\/uploads\/2018\/10\/Accoustic_Laboratory-768x398.jpg 768w, https:\/\/www.elastoproxy.com\/wp-content\/uploads\/2018\/10\/Accoustic_Laboratory-116x60.jpg 116w\" sizes=\"(max-width: 852px) 100vw, 852px\" \/>\t\t\t\t\t\t\t\t\t\t\t\t\t\t\t<\/div>\n\t\t\t\t<\/div>\n\t\t\t\t\t<\/div>\n\t\t<\/div>\n\t\t\t\t\t<\/div>\n\t\t<\/section>\n\t\t\t\t<section class=\"elementor-section elementor-top-section elementor-element elementor-element-112e9390 elementor-section-boxed elementor-section-height-default elementor-section-height-default\" data-id=\"112e9390\" data-element_type=\"section\">\n\t\t\t\t\t\t<div class=\"elementor-container elementor-column-gap-default\">\n\t\t\t\t\t<div class=\"elementor-column elementor-col-100 elementor-top-column elementor-element elementor-element-54df8fea\" data-id=\"54df8fea\" data-element_type=\"column\">\n\t\t\t<div class=\"elementor-widget-wrap elementor-element-populated\">\n\t\t\t\t\t\t<div class=\"elementor-element elementor-element-550a5521 elementor-widget elementor-widget-heading\" data-id=\"550a5521\" data-element_type=\"widget\" data-widget_type=\"heading.default\">\n\t\t\t\t<div class=\"elementor-widget-container\">\n\t\t\t\t\t<h3 class=\"elementor-heading-title elementor-size-default\">Laboratoire acoustique<\/h3>\t\t\t\t<\/div>\n\t\t\t\t<\/div>\n\t\t\t\t<div class=\"elementor-element elementor-element-7a33857c elementor-widget elementor-widget-text-editor\" data-id=\"7a33857c\" data-element_type=\"widget\" data-widget_type=\"text-editor.default\">\n\t\t\t\t<div class=\"elementor-widget-container\">\n\t\t\t\t\t\t\t\t\t<p><span style=\"font-weight: 400;\">Elasto Proxy con\u00e7oit des barri\u00e8res vibro-acoustiques multicouches efficaces. Dans notre laboratoire nous utilisons un logiciel sophistiqu\u00e9 capable de pr\u00e9dire l&rsquo;efficacit\u00e9 de diff\u00e9rents mat\u00e9riaux absorbant le son, le bloquant de son ou l&rsquo;amortissement des vibrations. Cette plate-forme puissante a quatre fonctions cl\u00e9s:<\/span><\/p><ul><li style=\"font-weight: 400;\"><span style=\"font-weight: 400;\">Pr\u00e9dire la transmission et l&rsquo;absorption d&rsquo;une couche donn\u00e9e d&rsquo;isolant acoustique;<\/span><\/li><li style=\"font-weight: 400;\"><span style=\"font-weight: 400;\">Identifier les solutions acoustiques possibles parmi les barri\u00e8res et les mat\u00e9riaux de barri\u00e8re disponibles;<\/span><\/li><li style=\"font-weight: 400;\"><span style=\"font-weight: 400;\">Analyser l&rsquo;effet d&rsquo;un changement ou d&rsquo;une modification du mat\u00e9riau sur les propri\u00e9t\u00e9s acoustiques;<\/span><\/li><li style=\"font-weight: 400;\"><span style=\"font-weight: 400;\">Caract\u00e9riser exp\u00e9rimentalement les propri\u00e9t\u00e9s des barri\u00e8res vibro-acoustiques dont vous avez besoin. <\/span><\/li><\/ul><p><span style=\"font-weight: 400;\">Elasto Proxy dispose \u00e9galement d\u2019un banc d\u2019essai pour la mesure et la caract\u00e9risation de l\u2019isolation acoustique multicouche. Ces mat\u00e9riaux composites ont une structure de type \u2018sandwich\u2019 et sont utilis\u00e9s dans des applications telles que l\u2019isolation du compartiment moteur, l\u2019isolation de la cabine ou les rev\u00eatements de sol en caoutchouc.<\/span><\/p>\t\t\t\t\t\t\t\t<\/div>\n\t\t\t\t<\/div>\n\t\t\t\t\t<\/div>\n\t\t<\/div>\n\t\t\t\t\t<\/div>\n\t\t<\/section>\n\t\t\t\t<section class=\"elementor-section elementor-top-section elementor-element elementor-element-7f2b4e4a elementor-section-boxed elementor-section-height-default elementor-section-height-default\" data-id=\"7f2b4e4a\" data-element_type=\"section\">\n\t\t\t\t\t\t<div class=\"elementor-container elementor-column-gap-default\">\n\t\t\t\t\t<div class=\"elementor-column elementor-col-100 elementor-top-column elementor-element elementor-element-626fe8b3\" data-id=\"626fe8b3\" data-element_type=\"column\">\n\t\t\t<div class=\"elementor-widget-wrap elementor-element-populated\">\n\t\t\t\t\t\t<div class=\"elementor-element elementor-element-5aa20f29 elementor-widget elementor-widget-heading\" data-id=\"5aa20f29\" data-element_type=\"widget\" data-widget_type=\"heading.default\">\n\t\t\t\t<div class=\"elementor-widget-container\">\n\t\t\t\t\t<h3 class=\"elementor-heading-title elementor-size-default\">\u00c9quipement de m\u00e9trologie<\/h3>\t\t\t\t<\/div>\n\t\t\t\t<\/div>\n\t\t\t\t<div class=\"elementor-element elementor-element-296ef2d7 elementor-widget elementor-widget-text-editor\" data-id=\"296ef2d7\" data-element_type=\"widget\" data-widget_type=\"text-editor.default\">\n\t\t\t\t<div class=\"elementor-widget-container\">\n\t\t\t\t\t\t\t\t\t<p><span style=\"font-weight: 400;\">La m\u00e9trologie, l&rsquo;\u00e9tude scientifique de la mesure, est depuis longtemps un \u00e9l\u00e9ment important de l&rsquo;industrie du caoutchouc. Chez Elasto Proxy nous utilisons des \u00e9quipements \u00e9prouv\u00e9s pour les tests de traction et de r\u00e9sistance \u00e0 la traction. <\/span><i><span style=\"font-weight: 400;\">Tensile testing<\/span><\/i><span style=\"font-weight: 400;\">, \u00e9galement connu sous le nom d\u2019essai de traction, est un essai fondamental en science des mat\u00e9riaux et en ing\u00e9nierie dans lequel un \u00e9chantillon est soumis \u00e0 une tension contr\u00f4l\u00e9e jusqu\u2019\u00e0 la rupture.<\/span><\/p>\t\t\t\t\t\t\t\t<\/div>\n\t\t\t\t<\/div>\n\t\t\t\t\t<\/div>\n\t\t<\/div>\n\t\t\t\t\t<\/div>\n\t\t<\/section>\n\t\t\t\t<\/div>\n\t\t","protected":false},"excerpt":{"rendered":"<p>Laboratoire acoustique et M\u00e9trologie Les \u00e9quipements de laboratoire acoustique et de m\u00e9trologie d\u2019Elasto Proxy ajoutent de la valeur \u00e0 vos produits techniques. Par exemple, notre capacit\u00e9 \u00e0 simuler diff\u00e9rents sc\u00e9narios de contr\u00f4le du bruit vous aide \u00e0 s\u00e9lectionner les bonnes mousses acoustiques et les bonnes combinaisons. L\u2019\u00e9quipement de m\u00e9trologie d\u2019Elasto Proxy nous permet de r\u00e9aliser [&hellip;]<\/p>\n","protected":false},"author":1,"featured_media":1536,"parent":1510,"menu_order":8,"comment_status":"open","ping_status":"closed","template":"","meta":{"ocean_post_layout":"","ocean_both_sidebars_style":"","ocean_both_sidebars_content_width":0,"ocean_both_sidebars_sidebars_width":0,"ocean_sidebar":"0","ocean_second_sidebar":"0","ocean_disable_margins":"enable","ocean_add_body_class":"","ocean_shortcode_before_top_bar":"","ocean_shortcode_after_top_bar":"","ocean_shortcode_before_header":"","ocean_shortcode_after_header":"","ocean_has_shortcode":"","ocean_shortcode_after_title":"","ocean_shortcode_before_footer_widgets":"","ocean_shortcode_after_footer_widgets":"","ocean_shortcode_before_footer_bottom":"","ocean_shortcode_after_footer_bottom":"","ocean_display_top_bar":"default","ocean_display_header":"default","ocean_header_style":"","ocean_center_header_left_menu":"0","ocean_custom_header_template":"0","ocean_custom_logo":0,"ocean_custom_retina_logo":0,"ocean_custom_logo_max_width":0,"ocean_custom_logo_tablet_max_width":0,"ocean_custom_logo_mobile_max_width":0,"ocean_custom_logo_max_height":0,"ocean_custom_logo_tablet_max_height":0,"ocean_custom_logo_mobile_max_height":0,"ocean_header_custom_menu":"0","ocean_menu_typo_font_family":"0","ocean_menu_typo_font_subset":"","ocean_menu_typo_font_size":0,"ocean_menu_typo_font_size_tablet":0,"ocean_menu_typo_font_size_mobile":0,"ocean_menu_typo_font_size_unit":"px","ocean_menu_typo_font_weight":"","ocean_menu_typo_font_weight_tablet":"","ocean_menu_typo_font_weight_mobile":"","ocean_menu_typo_transform":"","ocean_menu_typo_transform_tablet":"","ocean_menu_typo_transform_mobile":"","ocean_menu_typo_line_height":0,"ocean_menu_typo_line_height_tablet":0,"ocean_menu_typo_line_height_mobile":0,"ocean_menu_typo_line_height_unit":"","ocean_menu_typo_spacing":0,"ocean_menu_typo_spacing_tablet":0,"ocean_menu_typo_spacing_mobile":0,"ocean_menu_typo_spacing_unit":"","ocean_menu_link_color":"","ocean_menu_link_color_hover":"","ocean_menu_link_color_active":"","ocean_menu_link_background":"","ocean_menu_link_hover_background":"","ocean_menu_link_active_background":"","ocean_menu_social_links_bg":"","ocean_menu_social_hover_links_bg":"","ocean_menu_social_links_color":"","ocean_menu_social_hover_links_color":"","ocean_disable_title":"default","ocean_disable_heading":"default","ocean_post_title":"","ocean_post_subheading":"","ocean_post_title_style":"","ocean_post_title_background_color":"","ocean_post_title_background":0,"ocean_post_title_bg_image_position":"","ocean_post_title_bg_image_attachment":"","ocean_post_title_bg_image_repeat":"","ocean_post_title_bg_image_size":"","ocean_post_title_height":0,"ocean_post_title_bg_overlay":0.5,"ocean_post_title_bg_overlay_color":"","ocean_disable_breadcrumbs":"default","ocean_breadcrumbs_color":"","ocean_breadcrumbs_separator_color":"","ocean_breadcrumbs_links_color":"","ocean_breadcrumbs_links_hover_color":"","ocean_display_footer_widgets":"default","ocean_display_footer_bottom":"default","ocean_custom_footer_template":"0","ofc_enable_fullscreen":"disable","ofc_fullscreen_speed":null,"ofc_fullscreen_nav":"enable","ofc_fullscreen_nav_pos":"right","ofc_fullscreen_nav_color":"","ofc_fullscreen_nav_tooltip_color":"","ofc_fullscreen_responsive":null,"osh_disable_topbar_sticky":"default","osh_disable_header_sticky":"default","osh_sticky_header_style":"default","osh_sticky_header_effect":"","osh_custom_sticky_logo":0,"osh_custom_retina_sticky_logo":0,"osh_custom_sticky_logo_height":0,"osh_background_color":"","osh_links_color":"","osh_links_hover_color":"","osh_links_active_color":"","osh_links_bg_color":"","osh_links_hover_bg_color":"","osh_links_active_bg_color":"","osh_menu_social_links_color":"","osh_menu_social_hover_links_color":"","footnotes":""},"class_list":["post-1535","page","type-page","status-publish","has-post-thumbnail","hentry","entry","has-media"],"yoast_head":"<!-- This site is optimized with the Yoast SEO plugin v25.7 - https:\/\/yoast.com\/wordpress\/plugins\/seo\/ -->\n<title>Product testing, metrology &amp; inspection | Elasto Proxy<\/title>\n<meta name=\"description\" content=\"We are experts in product testing, quality control, quality assurance, metrology, inspection. Find out how these can help you!\" \/>\n<meta name=\"robots\" content=\"index, follow, max-snippet:-1, max-image-preview:large, max-video-preview:-1\" \/>\n<link rel=\"canonical\" href=\"https:\/\/www.elastoproxy.com\/fr\/services-a-valeur-ajoutee\/accoustic-lab-metrologylaboratoire-acoustique-metrologie\/\" \/>\n<meta property=\"og:locale\" content=\"fr_FR\" \/>\n<meta property=\"og:type\" content=\"article\" \/>\n<meta property=\"og:title\" content=\"Product testing, metrology &amp; inspection | Elasto Proxy\" \/>\n<meta property=\"og:description\" content=\"We are experts in product testing, quality control, quality assurance, metrology, inspection. Find out how these can help you!\" \/>\n<meta property=\"og:url\" content=\"https:\/\/www.elastoproxy.com\/fr\/services-a-valeur-ajoutee\/accoustic-lab-metrologylaboratoire-acoustique-metrologie\/\" \/>\n<meta property=\"og:site_name\" content=\"Elasto Proxy\" \/>\n<meta property=\"article:modified_time\" content=\"2018-11-27T19:19:26+00:00\" \/>\n<meta property=\"og:image\" content=\"https:\/\/www.elastoproxy.com\/wp-content\/uploads\/2018\/10\/Accoustic_Laboratory.jpg\" \/>\n\t<meta property=\"og:image:width\" content=\"852\" \/>\n\t<meta property=\"og:image:height\" content=\"441\" \/>\n\t<meta property=\"og:image:type\" content=\"image\/jpeg\" \/>\n<meta name=\"twitter:card\" content=\"summary_large_image\" \/>\n<meta name=\"twitter:title\" content=\"Product testing, metrology &amp; inspection | Elasto Proxy\" \/>\n<meta name=\"twitter:label1\" content=\"Dur\u00e9e de lecture estim\u00e9e\" \/>\n\t<meta name=\"twitter:data1\" content=\"2 minutes\" \/>\n<!-- \/ Yoast SEO plugin. -->","yoast_head_json":{"title":"Product testing, metrology & inspection | Elasto Proxy","description":"We are experts in product testing, quality control, quality assurance, metrology, inspection. Find out how these can help you!","robots":{"index":"index","follow":"follow","max-snippet":"max-snippet:-1","max-image-preview":"max-image-preview:large","max-video-preview":"max-video-preview:-1"},"canonical":"https:\/\/www.elastoproxy.com\/fr\/services-a-valeur-ajoutee\/accoustic-lab-metrologylaboratoire-acoustique-metrologie\/","og_locale":"fr_FR","og_type":"article","og_title":"Product testing, metrology & inspection | Elasto Proxy","og_description":"We are experts in product testing, quality control, quality assurance, metrology, inspection. Find out how these can help you!","og_url":"https:\/\/www.elastoproxy.com\/fr\/services-a-valeur-ajoutee\/accoustic-lab-metrologylaboratoire-acoustique-metrologie\/","og_site_name":"Elasto Proxy","article_modified_time":"2018-11-27T19:19:26+00:00","og_image":[{"width":852,"height":441,"url":"https:\/\/www.elastoproxy.com\/wp-content\/uploads\/2018\/10\/Accoustic_Laboratory.jpg","type":"image\/jpeg"}],"twitter_card":"summary_large_image","twitter_title":"Product testing, metrology & inspection | Elasto Proxy","twitter_misc":{"Dur\u00e9e de lecture estim\u00e9e":"2 minutes"},"schema":{"@context":"https:\/\/schema.org","@graph":[{"@type":"WebPage","@id":"https:\/\/www.elastoproxy.com\/fr\/services-a-valeur-ajoutee\/accoustic-lab-metrologylaboratoire-acoustique-metrologie\/","url":"https:\/\/www.elastoproxy.com\/fr\/services-a-valeur-ajoutee\/accoustic-lab-metrologylaboratoire-acoustique-metrologie\/","name":"Product testing, metrology & inspection | Elasto Proxy","isPartOf":{"@id":"https:\/\/www.elastoproxy.com\/#website"},"primaryImageOfPage":{"@id":"https:\/\/www.elastoproxy.com\/fr\/services-a-valeur-ajoutee\/accoustic-lab-metrologylaboratoire-acoustique-metrologie\/#primaryimage"},"image":{"@id":"https:\/\/www.elastoproxy.com\/fr\/services-a-valeur-ajoutee\/accoustic-lab-metrologylaboratoire-acoustique-metrologie\/#primaryimage"},"thumbnailUrl":"https:\/\/www.elastoproxy.com\/wp-content\/uploads\/2018\/10\/Accoustic_Laboratory.jpg","datePublished":"2018-09-25T15:40:44+00:00","dateModified":"2018-11-27T19:19:26+00:00","description":"We are experts in product testing, quality control, quality assurance, metrology, inspection. Find out how these can help you!","breadcrumb":{"@id":"https:\/\/www.elastoproxy.com\/fr\/services-a-valeur-ajoutee\/accoustic-lab-metrologylaboratoire-acoustique-metrologie\/#breadcrumb"},"inLanguage":"fr-FR","potentialAction":[{"@type":"ReadAction","target":["https:\/\/www.elastoproxy.com\/fr\/services-a-valeur-ajoutee\/accoustic-lab-metrologylaboratoire-acoustique-metrologie\/"]}]},{"@type":"ImageObject","inLanguage":"fr-FR","@id":"https:\/\/www.elastoproxy.com\/fr\/services-a-valeur-ajoutee\/accoustic-lab-metrologylaboratoire-acoustique-metrologie\/#primaryimage","url":"https:\/\/www.elastoproxy.com\/wp-content\/uploads\/2018\/10\/Accoustic_Laboratory.jpg","contentUrl":"https:\/\/www.elastoproxy.com\/wp-content\/uploads\/2018\/10\/Accoustic_Laboratory.jpg","width":852,"height":441},{"@type":"BreadcrumbList","@id":"https:\/\/www.elastoproxy.com\/fr\/services-a-valeur-ajoutee\/accoustic-lab-metrologylaboratoire-acoustique-metrologie\/#breadcrumb","itemListElement":[{"@type":"ListItem","position":1,"name":"Home","item":"https:\/\/www.elastoproxy.com\/fr\/"},{"@type":"ListItem","position":2,"name":"Services","item":"https:\/\/www.elastoproxy.com\/fr\/services-a-valeur-ajoutee\/"},{"@type":"ListItem","position":3,"name":"Laboratoire acoustique et M\u00e9trologie"}]},{"@type":"WebSite","@id":"https:\/\/www.elastoproxy.com\/#website","url":"https:\/\/www.elastoproxy.com\/","name":"Elasto Proxy","description":"Rubber Fabricator and Distributor","publisher":{"@id":"https:\/\/www.elastoproxy.com\/#organization"},"potentialAction":[{"@type":"SearchAction","target":{"@type":"EntryPoint","urlTemplate":"https:\/\/www.elastoproxy.com\/?s={search_term_string}"},"query-input":{"@type":"PropertyValueSpecification","valueRequired":true,"valueName":"search_term_string"}}],"inLanguage":"fr-FR"},{"@type":"Organization","@id":"https:\/\/www.elastoproxy.com\/#organization","name":"Elasto Proxy","url":"https:\/\/www.elastoproxy.com\/","logo":{"@type":"ImageObject","inLanguage":"fr-FR","@id":"https:\/\/www.elastoproxy.com\/#\/schema\/logo\/image\/","url":"https:\/\/www.elastoproxy.com\/wp-content\/uploads\/2018\/10\/logo-elastoproxy.png","contentUrl":"https:\/\/www.elastoproxy.com\/wp-content\/uploads\/2018\/10\/logo-elastoproxy.png","width":200,"height":61,"caption":"Elasto Proxy"},"image":{"@id":"https:\/\/www.elastoproxy.com\/#\/schema\/logo\/image\/"}}]}},"_links":{"self":[{"href":"https:\/\/www.elastoproxy.com\/fr\/wp-json\/wp\/v2\/pages\/1535","targetHints":{"allow":["GET"]}}],"collection":[{"href":"https:\/\/www.elastoproxy.com\/fr\/wp-json\/wp\/v2\/pages"}],"about":[{"href":"https:\/\/www.elastoproxy.com\/fr\/wp-json\/wp\/v2\/types\/page"}],"author":[{"embeddable":true,"href":"https:\/\/www.elastoproxy.com\/fr\/wp-json\/wp\/v2\/users\/1"}],"replies":[{"embeddable":true,"href":"https:\/\/www.elastoproxy.com\/fr\/wp-json\/wp\/v2\/comments?post=1535"}],"version-history":[{"count":4,"href":"https:\/\/www.elastoproxy.com\/fr\/wp-json\/wp\/v2\/pages\/1535\/revisions"}],"predecessor-version":[{"id":4111,"href":"https:\/\/www.elastoproxy.com\/fr\/wp-json\/wp\/v2\/pages\/1535\/revisions\/4111"}],"up":[{"embeddable":true,"href":"https:\/\/www.elastoproxy.com\/fr\/wp-json\/wp\/v2\/pages\/1510"}],"wp:featuredmedia":[{"embeddable":true,"href":"https:\/\/www.elastoproxy.com\/fr\/wp-json\/wp\/v2\/media\/1536"}],"wp:attachment":[{"href":"https:\/\/www.elastoproxy.com\/fr\/wp-json\/wp\/v2\/media?parent=1535"}],"curies":[{"name":"wp","href":"https:\/\/api.w.org\/{rel}","templated":true}]}}